{"id":25,"date":"2019-11-04T13:37:08","date_gmt":"2019-11-04T12:37:08","guid":{"rendered":"http:\/\/kepmail.ch.merlin.ch-meta.net\/wordpress\/?page_id=25"},"modified":"2025-07-14T08:35:11","modified_gmt":"2025-07-14T06:35:11","slug":"kontakt","status":"publish","type":"page","link":"https:\/\/www.kepmail.ch\/de\/kontakt\/","title":{"rendered":"Kontakt"},"content":{"rendered":"<p>[et_pb_section fb_built=&#8220;1&#8243; fullwidth=&#8220;on&#8220; _builder_version=&#8220;4.16&#8243; custom_margin=&#8220;0px||0px||false|false&#8220; custom_padding=&#8220;0px||0px||false|false&#8220; global_colors_info=&#8220;{}&#8220;][et_pb_fullwidth_slider show_arrows=&#8220;off&#8220; show_pagination=&#8220;off&#8220; module_class=&#8220;bkmi-image-slider-container-02&#8243; _builder_version=&#8220;4.27.4&#8243; background_color=&#8220;rgba(0,0,0,0)&#8220; custom_button=&#8220;on&#8220; button_text_color=&#8220;#ffffff&#8220; button_border_width=&#8220;2px&#8220; button_border_color=&#8220;#dd2d1b&#8220; button_border_radius=&#8220;0px&#8220; button_letter_spacing=&#8220;2px&#8220; button_font=&#8220;Nunito Sans||||||||&#8220; button_use_icon=&#8220;off&#8220; height=&#8220;500px&#8220; max_height=&#8220;500px&#8220; custom_margin=&#8220;0px||0px||false|false&#8220; custom_padding=&#8220;0px||0px||false|false&#8220; animation_style=&#8220;fade&#8220; animation_duration=&#8220;2000ms&#8220; auto=&#8220;on&#8220; auto_speed=&#8220;5000&#8243; hover_enabled=&#8220;0&#8243; global_colors_info=&#8220;{}&#8220; button_text_color__hover=&#8220;#ffffff&#8220; button_text_color__hover_enabled=&#8220;on|hover&#8220; button_bg_color__hover=&#8220;#f8f9fa&#8220; button_bg_color__hover_enabled=&#8220;on|hover&#8220; button_border_color__hover=&#8220;#dd2d1b&#8220; button_border_color__hover_enabled=&#8220;on|hover&#8220; button_letter_spacing__hover=&#8220;2px&#8220; button_letter_spacing__hover_enabled=&#8220;on&#8220; sticky_enabled=&#8220;0&#8243;][et_pb_slide button_link=&#8220;#start&#8220; use_text_overlay=&#8220;off&#8220; alignment=&#8220;bottom&#8220; _builder_version=&#8220;4.16&#8243; header_level=&#8220;h1&#8243; header_font=&#8220;Nunito Sans|800|||||||&#8220; header_text_align=&#8220;left&#8220; header_text_color=&#8220;#f7f7f7&#8243; header_font_size=&#8220;55px&#8220; header_letter_spacing=&#8220;3px&#8220; header_line_height=&#8220;1.3em&#8220; body_font=&#8220;|800|||||||&#8220; use_background_color_gradient=&#8220;on&#8220; background_color_gradient_direction=&#8220;300deg&#8220; background_color_gradient_stops=&#8220;rgba(8,8,8,0.67) 0%|rgba(154,154,154,0) 100%&#8220; background_color_gradient_overlays_image=&#8220;on&#8220; background_color_gradient_start=&#8220;rgba(8,8,8,0.67)&#8220; background_color_gradient_end=&#8220;rgba(154,154,154,0)&#8220; background_image=&#8220;https:\/\/www.kepmail.ch\/wp-content\/uploads\/2017\/01\/kepmail_Postdienst_dpd_web_01.jpg&#8220; background_enable_image=&#8220;on&#8220; custom_button=&#8220;on&#8220; button_bg_color=&#8220;#dd2d1b&#8220; button_border_color=&#8220;#dd2d1b&#8220; button_border_radius=&#8220;0px&#8220; button_letter_spacing=&#8220;2px&#8220; custom_padding=&#8220;0px|0px|0px|0px|false|false&#8220; header_font_size_tablet=&#8220;48px&#8220; header_font_size_phone=&#8220;36px&#8220; header_font_size_last_edited=&#8220;on|desktop&#8220; custom_css_main_element=&#8220;max-height: 500px ! important;&#8220; global_colors_info=&#8220;{}&#8220; body_text_shadow_color__hover_enabled=&#8220;on|desktop&#8220; button_bg_color__hover_enabled=&#8220;on|hover&#8220; button_bg_color__hover=&#8220;#dd2d1b&#8220; sticky_transition=&#8220;on&#8220;]<\/p>\n<h2>Wir sind f\u00fcr Sie da<\/h2>\n<h1>Kontakt<\/h1>\n<p>[\/et_pb_slide][et_pb_slide button_link=&#8220;#start&#8220; use_text_overlay=&#8220;off&#8220; alignment=&#8220;bottom&#8220; _builder_version=&#8220;4.16&#8243; header_level=&#8220;h1&#8243; header_font=&#8220;Nunito Sans|800|||||||&#8220; header_text_align=&#8220;left&#8220; header_text_color=&#8220;#f7f7f7&#8243; header_font_size=&#8220;55px&#8220; header_letter_spacing=&#8220;3px&#8220; header_line_height=&#8220;1.3em&#8220; body_font=&#8220;|800|||||||&#8220; use_background_color_gradient=&#8220;on&#8220; background_color_gradient_direction=&#8220;300deg&#8220; background_color_gradient_stops=&#8220;rgba(8,8,8,0.67) 0%|rgba(154,154,154,0) 100%&#8220; background_color_gradient_overlays_image=&#8220;on&#8220; background_color_gradient_start=&#8220;rgba(8,8,8,0.67)&#8220; background_color_gradient_end=&#8220;rgba(154,154,154,0)&#8220; background_image=&#8220;https:\/\/www.kepmail.ch\/wp-content\/uploads\/2019\/11\/kepmail_Postdienst_Quickmail_2_web_03.jpg&#8220; background_enable_image=&#8220;on&#8220; custom_button=&#8220;on&#8220; button_bg_color=&#8220;#dd2d1b&#8220; button_border_color=&#8220;#dd2d1b&#8220; button_border_radius=&#8220;0px&#8220; button_letter_spacing=&#8220;2px&#8220; custom_padding=&#8220;0px|0px|0px|0px|false|false&#8220; header_font_size_tablet=&#8220;48px&#8220; header_font_size_phone=&#8220;36px&#8220; header_font_size_last_edited=&#8220;on|desktop&#8220; custom_css_main_element=&#8220;max-height: 500px ! important;&#8220; global_colors_info=&#8220;{}&#8220; body_text_shadow_color__hover_enabled=&#8220;on|desktop&#8220; button_bg_color__hover_enabled=&#8220;on|hover&#8220; button_bg_color__hover=&#8220;#dd2d1b&#8220; sticky_transition=&#8220;on&#8220;]<\/p>\n<h2>Wir sind f\u00fcr Sie da<\/h2>\n<h1>Kontakt<\/h1>\n<p>[\/et_pb_slide][et_pb_slide button_link=&#8220;#start&#8220; use_text_overlay=&#8220;off&#8220; alignment=&#8220;bottom&#8220; _builder_version=&#8220;4.16&#8243; header_level=&#8220;h1&#8243; header_font=&#8220;Nunito Sans|800|||||||&#8220; header_text_align=&#8220;left&#8220; header_text_color=&#8220;#f7f7f7&#8243; header_font_size=&#8220;55px&#8220; header_letter_spacing=&#8220;3px&#8220; header_line_height=&#8220;1.3em&#8220; body_font=&#8220;|800|||||||&#8220; use_background_color_gradient=&#8220;on&#8220; background_color_gradient_direction=&#8220;300deg&#8220; background_color_gradient_stops=&#8220;rgba(8,8,8,0.67) 0%|rgba(154,154,154,0) 100%&#8220; background_color_gradient_overlays_image=&#8220;on&#8220; background_color_gradient_start=&#8220;rgba(8,8,8,0.67)&#8220; background_color_gradient_end=&#8220;rgba(154,154,154,0)&#8220; background_image=&#8220;https:\/\/www.kepmail.ch\/wp-content\/uploads\/2020\/01\/Header_kepmail_Postdienst_7Days-Packet_web_01.jpg&#8220; background_enable_image=&#8220;on&#8220; background_position=&#8220;bottom_center&#8220; custom_button=&#8220;on&#8220; button_bg_color=&#8220;#dd2d1b&#8220; button_border_color=&#8220;#dd2d1b&#8220; button_border_radius=&#8220;0px&#8220; button_letter_spacing=&#8220;2px&#8220; custom_padding=&#8220;0px|0px|0px|0px|false|false&#8220; header_font_size_tablet=&#8220;48px&#8220; header_font_size_phone=&#8220;36px&#8220; header_font_size_last_edited=&#8220;on|desktop&#8220; custom_css_main_element=&#8220;max-height: 500px ! important;&#8220; global_colors_info=&#8220;{}&#8220; body_text_shadow_color__hover_enabled=&#8220;on|desktop&#8220; button_bg_color__hover_enabled=&#8220;on|hover&#8220; button_bg_color__hover=&#8220;#dd2d1b&#8220; sticky_transition=&#8220;on&#8220;]<\/p>\n<h2>Wir sind f\u00fcr Sie da<\/h2>\n<h1>Kontakt<\/h1>\n<p>[\/et_pb_slide][et_pb_slide button_link=&#8220;#start&#8220; use_text_overlay=&#8220;off&#8220; alignment=&#8220;bottom&#8220; _builder_version=&#8220;4.16&#8243; header_level=&#8220;h1&#8243; header_font=&#8220;Nunito Sans|800|||||||&#8220; header_text_align=&#8220;left&#8220; header_text_color=&#8220;#f7f7f7&#8243; header_font_size=&#8220;55px&#8220; header_letter_spacing=&#8220;3px&#8220; header_line_height=&#8220;1.3em&#8220; body_font=&#8220;|800|||||||&#8220; use_background_color_gradient=&#8220;on&#8220; background_color_gradient_direction=&#8220;300deg&#8220; background_color_gradient_stops=&#8220;rgba(8,8,8,0.67) 0%|rgba(154,154,154,0) 100%&#8220; background_color_gradient_overlays_image=&#8220;on&#8220; background_color_gradient_start=&#8220;rgba(8,8,8,0.67)&#8220; background_color_gradient_end=&#8220;rgba(154,154,154,0)&#8220; background_image=&#8220;https:\/\/www.kepmail.ch\/wp-content\/uploads\/2020\/01\/Header_kepmail_Postdienst_GoExpress_web_02-scaled.jpg&#8220; background_enable_image=&#8220;on&#8220; background_position=&#8220;bottom_center&#8220; custom_button=&#8220;on&#8220; button_bg_color=&#8220;#dd2d1b&#8220; button_border_color=&#8220;#dd2d1b&#8220; button_border_radius=&#8220;0px&#8220; button_letter_spacing=&#8220;2px&#8220; custom_padding=&#8220;0px|0px|0px|0px|false|false&#8220; header_font_size_tablet=&#8220;48px&#8220; header_font_size_phone=&#8220;36px&#8220; header_font_size_last_edited=&#8220;on|desktop&#8220; custom_css_main_element=&#8220;max-height: 500px ! important;&#8220; global_colors_info=&#8220;{}&#8220; body_text_shadow_color__hover_enabled=&#8220;on|desktop&#8220; button_bg_color__hover_enabled=&#8220;on|hover&#8220; button_bg_color__hover=&#8220;#dd2d1b&#8220; sticky_transition=&#8220;on&#8220;]<\/p>\n<h2>Wir sind f\u00fcr Sie da<\/h2>\n<h1>Kontakt<\/h1>\n<p>[\/et_pb_slide][et_pb_slide button_link=&#8220;#start&#8220; use_text_overlay=&#8220;off&#8220; alignment=&#8220;bottom&#8220; _builder_version=&#8220;4.16&#8243; header_level=&#8220;h1&#8243; header_font=&#8220;Nunito Sans|800|||||||&#8220; header_text_align=&#8220;left&#8220; header_text_color=&#8220;#f7f7f7&#8243; header_font_size=&#8220;55px&#8220; header_letter_spacing=&#8220;3px&#8220; header_line_height=&#8220;1.3em&#8220; body_font=&#8220;|800|||||||&#8220; use_background_color_gradient=&#8220;on&#8220; background_color_gradient_direction=&#8220;300deg&#8220; background_color_gradient_stops=&#8220;rgba(8,8,8,0.67) 0%|rgba(154,154,154,0) 100%&#8220; background_color_gradient_overlays_image=&#8220;on&#8220; background_color_gradient_start=&#8220;rgba(8,8,8,0.67)&#8220; background_color_gradient_end=&#8220;rgba(154,154,154,0)&#8220; background_image=&#8220;https:\/\/www.kepmail.ch\/wp-content\/uploads\/2020\/01\/Header_kepmail_Postdienst_Spring_web_01.jpg&#8220; background_enable_image=&#8220;on&#8220; custom_button=&#8220;on&#8220; button_bg_color=&#8220;#dd2d1b&#8220; button_border_color=&#8220;#dd2d1b&#8220; button_border_radius=&#8220;0px&#8220; button_letter_spacing=&#8220;2px&#8220; custom_padding=&#8220;0px|0px|0px|0px|false|false&#8220; header_font_size_tablet=&#8220;48px&#8220; header_font_size_phone=&#8220;36px&#8220; header_font_size_last_edited=&#8220;on|desktop&#8220; custom_css_main_element=&#8220;max-height: 500px ! important;&#8220; global_colors_info=&#8220;{}&#8220; body_text_shadow_color__hover_enabled=&#8220;on|desktop&#8220; button_bg_color__hover_enabled=&#8220;on|hover&#8220; button_bg_color__hover=&#8220;#dd2d1b&#8220; sticky_transition=&#8220;on&#8220;]<\/p>\n<h2>Wir sind f\u00fcr Sie da<\/h2>\n<h1>Kontakt<\/h1>\n<p>[\/et_pb_slide][et_pb_slide button_link=&#8220;#start&#8220; use_text_overlay=&#8220;off&#8220; alignment=&#8220;bottom&#8220; _builder_version=&#8220;4.27.4&#8243; header_level=&#8220;h1&#8243; header_font=&#8220;Nunito Sans|800|||||||&#8220; header_text_align=&#8220;left&#8220; header_text_color=&#8220;#f7f7f7&#8243; header_font_size=&#8220;55px&#8220; header_letter_spacing=&#8220;3px&#8220; header_line_height=&#8220;1.3em&#8220; body_font=&#8220;|800|||||||&#8220; use_background_color_gradient=&#8220;on&#8220; background_color_gradient_direction=&#8220;300deg&#8220; background_color_gradient_stops=&#8220;rgba(8,8,8,0.67) 0%|rgba(154,154,154,0) 100%&#8220; background_color_gradient_overlays_image=&#8220;on&#8220; background_color_gradient_start=&#8220;rgba(8,8,8,0.67)&#8220; background_color_gradient_end=&#8220;rgba(154,154,154,0)&#8220; background_image=&#8220;https:\/\/www.kepmail.ch\/wp-content\/uploads\/2025\/05\/c3f83bc3-d98c-4d9e-aefc-7e5290552f42.jpeg&#8220; background_enable_image=&#8220;on&#8220; background_position=&#8220;top_center&#8220; background_vertical_offset=&#8220;42%&#8220; custom_button=&#8220;on&#8220; button_bg_color=&#8220;#dd2d1b&#8220; button_border_color=&#8220;#dd2d1b&#8220; button_border_radius=&#8220;0px&#8220; button_letter_spacing=&#8220;2px&#8220; custom_padding=&#8220;0px|0px|0px|0px|false|false&#8220; header_font_size_tablet=&#8220;48px&#8220; header_font_size_phone=&#8220;36px&#8220; header_font_size_last_edited=&#8220;on|desktop&#8220; custom_css_main_element=&#8220;max-height: 500px ! important;&#8220; global_colors_info=&#8220;{}&#8220; body_text_shadow_color__hover_enabled=&#8220;on|desktop&#8220; button_bg_color__hover_enabled=&#8220;on|hover&#8220; button_bg_color__hover=&#8220;#dd2d1b&#8220; sticky_transition=&#8220;on&#8220;]<\/p>\n<h2>Wir sind f\u00fcr Sie da<\/h2>\n<h1>Kontakt<\/h1>\n<p>[\/et_pb_slide][et_pb_slide button_link=&#8220;#start&#8220; use_text_overlay=&#8220;off&#8220; alignment=&#8220;bottom&#8220; _builder_version=&#8220;4.27.4&#8243; header_level=&#8220;h1&#8243; header_font=&#8220;Nunito Sans|800|||||||&#8220; header_text_align=&#8220;left&#8220; header_text_color=&#8220;#f7f7f7&#8243; header_font_size=&#8220;55px&#8220; header_letter_spacing=&#8220;3px&#8220; header_line_height=&#8220;1.3em&#8220; body_font=&#8220;|800|||||||&#8220; use_background_color_gradient=&#8220;on&#8220; background_color_gradient_direction=&#8220;300deg&#8220; background_color_gradient_stops=&#8220;rgba(8,8,8,0.67) 0%|rgba(154,154,154,0) 100%&#8220; background_color_gradient_overlays_image=&#8220;on&#8220; background_color_gradient_start=&#8220;rgba(8,8,8,0.67)&#8220; background_color_gradient_end=&#8220;rgba(154,154,154,0)&#8220; background_image=&#8220;https:\/\/www.kepmail.ch\/wp-content\/uploads\/2025\/05\/2019_Cologne_18298-scaled.jpg&#8220; background_enable_image=&#8220;on&#8220; custom_button=&#8220;on&#8220; button_bg_color=&#8220;#dd2d1b&#8220; button_border_color=&#8220;#dd2d1b&#8220; button_border_radius=&#8220;0px&#8220; button_letter_spacing=&#8220;2px&#8220; custom_padding=&#8220;0px|0px|0px|0px|false|false&#8220; header_font_size_tablet=&#8220;48px&#8220; header_font_size_phone=&#8220;36px&#8220; header_font_size_last_edited=&#8220;on|desktop&#8220; custom_css_main_element=&#8220;max-height: 500px ! important;&#8220; global_colors_info=&#8220;{}&#8220; body_text_shadow_color__hover_enabled=&#8220;on|desktop&#8220; button_bg_color__hover_enabled=&#8220;on|hover&#8220; button_bg_color__hover=&#8220;#dd2d1b&#8220; sticky_transition=&#8220;on&#8220;]<\/p>\n<h2>Wir sind f\u00fcr Sie da<\/h2>\n<h1>Kontakt<\/h1>\n<p>[\/et_pb_slide][\/et_pb_fullwidth_slider][\/et_pb_section][et_pb_section fb_built=&#8220;1&#8243; custom_padding_last_edited=&#8220;on|phone&#8220; admin_label=&#8220;Latest Work Section&#8220; _builder_version=&#8220;4.16&#8243; background_color=&#8220;#f8f9fa&#8220; custom_padding=&#8220;60px||60px||false|false&#8220; custom_padding_tablet=&#8220;40px||40px||false|false&#8220; custom_padding_phone=&#8220;20px||20px||false|false&#8220; global_colors_info=&#8220;{}&#8220;][et_pb_row admin_label=&#8220;Service Section Title&#8220; _builder_version=&#8220;4.16&#8243; background_size=&#8220;initial&#8220; background_position=&#8220;top_left&#8220; background_repeat=&#8220;repeat&#8220; max_width=&#8220;800px&#8220; custom_margin=&#8220;||0px||false|false&#8220; animation_style=&#8220;fade&#8220; animation_direction=&#8220;top&#8220; saved_tabs=&#8220;all&#8220; global_colors_info=&#8220;{}&#8220;][et_pb_column type=&#8220;4_4&#8243; _builder_version=&#8220;4.16&#8243; custom_padding=&#8220;|||&#8220; global_colors_info=&#8220;{}&#8220; custom_padding__hover=&#8220;|||&#8220;][et_pb_text admin_label=&#8220;Title&#8220; _builder_version=&#8220;4.16&#8243; text_font=&#8220;Montserrat||||||||&#8220; text_text_color=&#8220;#747d88&#8243; text_line_height=&#8220;1.9em&#8220; header_font=&#8220;||||||||&#8220; header_2_font=&#8220;Nunito Sans|800|||||||&#8220; header_2_text_align=&#8220;left&#8220; header_2_text_color=&#8220;#565655&#8243; header_2_font_size=&#8220;36px&#8220; header_2_line_height=&#8220;1.3em&#8220; background_size=&#8220;initial&#8220; background_position=&#8220;top_left&#8220; background_repeat=&#8220;repeat&#8220; text_orientation=&#8220;center&#8220; module_alignment=&#8220;center&#8220; animation_style=&#8220;slide&#8220; animation_direction=&#8220;bottom&#8220; animation_intensity_slide=&#8220;4%&#8220; header_2_font_size_tablet=&#8220;36px&#8220; header_2_font_size_phone=&#8220;30px&#8220; header_2_font_size_last_edited=&#8220;on|desktop&#8220; global_colors_info=&#8220;{}&#8220;]<\/p>\n<h2>Kontaktangaben<\/h2>\n<p>[\/et_pb_text][et_pb_text admin_label=&#8220;Subtitle&#8220; _builder_version=&#8220;4.16&#8243; text_font=&#8220;Nunito Sans||||||||&#8220; text_text_color=&#8220;#565655&#8243; text_line_height=&#8220;1.71em&#8220; header_font=&#8220;||||||||&#8220; background_size=&#8220;initial&#8220; background_position=&#8220;top_left&#8220; background_repeat=&#8220;repeat&#8220; module_alignment=&#8220;center&#8220; custom_margin=&#8220;||0px||false|false&#8220; animation_style=&#8220;slide&#8220; animation_direction=&#8220;bottom&#8220; animation_delay=&#8220;100ms&#8220; animation_intensity_slide=&#8220;4%&#8220; global_colors_info=&#8220;{}&#8220;]<\/p>\n<p><strong>KEP+Mail<\/strong><br \/>Peter Sutterl\u00fcti, Pr\u00e4sident<br \/>c\/o simpuls ag<br \/>B\u00e4renplatz 7<br \/>Postfach<br \/>CH-3001 Bern<br \/><a href=\"mailto:position@kepmail.ch\" title=\"position@kepmail.ch\">position@kepmail.ch<\/a><\/p>\n<p>[\/et_pb_text][\/et_pb_column][\/et_pb_row][\/et_pb_section]<\/p>\n","protected":false},"excerpt":{"rendered":"<p>Wir sind f\u00fcr Sie da KontaktWir sind f\u00fcr Sie da KontaktWir sind f\u00fcr Sie da KontaktWir sind f\u00fcr Sie da KontaktWir sind f\u00fcr Sie da KontaktWir sind f\u00fcr Sie da KontaktWir sind f\u00fcr Sie da KontaktKontaktangabenKEP+MailPeter Sutterl\u00fcti, Pr\u00e4sidentc\/o simpuls agB\u00e4renplatz 7PostfachCH-3001 Bernposition@kepmail.ch<\/p>\n","protected":false},"author":1,"featured_media":0,"parent":0,"menu_order":0,"comment_status":"closed","ping_status":"closed","template":"","meta":{"_et_pb_use_builder":"on","_et_pb_old_content":"<!-- wp:divi\/placeholder \/-->","_et_gb_content_width":"","footnotes":""},"class_list":["post-25","page","type-page","status-publish","hentry"],"yoast_head":"<!-- This site is optimized with the Yoast SEO plugin v27.3 - https:\/\/yoast.com\/product\/yoast-seo-wordpress\/ -->\n<title>Kontakt - Verband KEP+Mail<\/title>\n<meta name=\"robots\" content=\"index, follow, max-snippet:-1, max-image-preview:large, max-video-preview:-1\" \/>\n<link rel=\"canonical\" href=\"https:\/\/www.kepmail.ch\/de\/kontakt\/\" \/>\n<meta property=\"og:locale\" content=\"de_DE\" \/>\n<meta property=\"og:type\" content=\"article\" \/>\n<meta property=\"og:title\" content=\"Kontakt - Verband KEP+Mail\" \/>\n<meta property=\"og:description\" content=\"Wir sind f\u00fcr Sie da KontaktWir sind f\u00fcr Sie da KontaktWir sind f\u00fcr Sie da KontaktWir sind f\u00fcr Sie da KontaktWir sind f\u00fcr Sie da KontaktWir sind f\u00fcr Sie da KontaktWir sind f\u00fcr Sie da KontaktKontaktangabenKEP+MailPeter Sutterl\u00fcti, Pr\u00e4sidentc\/o simpuls agB\u00e4renplatz 7PostfachCH-3001 Bernposition@kepmail.ch\" \/>\n<meta property=\"og:url\" content=\"https:\/\/www.kepmail.ch\/de\/kontakt\/\" \/>\n<meta property=\"og:site_name\" content=\"Verband KEP+Mail\" \/>\n<meta property=\"article:modified_time\" content=\"2025-07-14T06:35:11+00:00\" \/>\n<meta name=\"twitter:card\" content=\"summary_large_image\" \/>\n<meta name=\"twitter:label1\" content=\"Gesch\u00e4tzte Lesezeit\" \/>\n\t<meta name=\"twitter:data1\" content=\"9\u00a0Minuten\" \/>\n<script type=\"application\/ld+json\" class=\"yoast-schema-graph\">{\"@context\":\"https:\\\/\\\/schema.org\",\"@graph\":[{\"@type\":\"WebPage\",\"@id\":\"https:\\\/\\\/www.kepmail.ch\\\/de\\\/kontakt\\\/\",\"url\":\"https:\\\/\\\/www.kepmail.ch\\\/de\\\/kontakt\\\/\",\"name\":\"Kontakt - Verband KEP+Mail\",\"isPartOf\":{\"@id\":\"https:\\\/\\\/www.kepmail.ch\\\/de\\\/#website\"},\"datePublished\":\"2019-11-04T12:37:08+00:00\",\"dateModified\":\"2025-07-14T06:35:11+00:00\",\"breadcrumb\":{\"@id\":\"https:\\\/\\\/www.kepmail.ch\\\/de\\\/kontakt\\\/#breadcrumb\"},\"inLanguage\":\"de\",\"potentialAction\":[{\"@type\":\"ReadAction\",\"target\":[\"https:\\\/\\\/www.kepmail.ch\\\/de\\\/kontakt\\\/\"]}]},{\"@type\":\"BreadcrumbList\",\"@id\":\"https:\\\/\\\/www.kepmail.ch\\\/de\\\/kontakt\\\/#breadcrumb\",\"itemListElement\":[{\"@type\":\"ListItem\",\"position\":1,\"name\":\"Startseite\",\"item\":\"https:\\\/\\\/www.kepmail.ch\\\/de\\\/\"},{\"@type\":\"ListItem\",\"position\":2,\"name\":\"Kontakt\"}]},{\"@type\":\"WebSite\",\"@id\":\"https:\\\/\\\/www.kepmail.ch\\\/de\\\/#website\",\"url\":\"https:\\\/\\\/www.kepmail.ch\\\/de\\\/\",\"name\":\"Verband KEP+Mail\",\"description\":\"Kurier, Express, Paket &amp; Mail\",\"potentialAction\":[{\"@type\":\"SearchAction\",\"target\":{\"@type\":\"EntryPoint\",\"urlTemplate\":\"https:\\\/\\\/www.kepmail.ch\\\/de\\\/?s={search_term_string}\"},\"query-input\":{\"@type\":\"PropertyValueSpecification\",\"valueRequired\":true,\"valueName\":\"search_term_string\"}}],\"inLanguage\":\"de\"}]}<\/script>\n<!-- \/ Yoast SEO plugin. -->","yoast_head_json":{"title":"Kontakt - Verband KEP+Mail","robots":{"index":"index","follow":"follow","max-snippet":"max-snippet:-1","max-image-preview":"max-image-preview:large","max-video-preview":"max-video-preview:-1"},"canonical":"https:\/\/www.kepmail.ch\/de\/kontakt\/","og_locale":"de_DE","og_type":"article","og_title":"Kontakt - Verband KEP+Mail","og_description":"Wir sind f\u00fcr Sie da KontaktWir sind f\u00fcr Sie da KontaktWir sind f\u00fcr Sie da KontaktWir sind f\u00fcr Sie da KontaktWir sind f\u00fcr Sie da KontaktWir sind f\u00fcr Sie da KontaktWir sind f\u00fcr Sie da KontaktKontaktangabenKEP+MailPeter Sutterl\u00fcti, Pr\u00e4sidentc\/o simpuls agB\u00e4renplatz 7PostfachCH-3001 Bernposition@kepmail.ch","og_url":"https:\/\/www.kepmail.ch\/de\/kontakt\/","og_site_name":"Verband KEP+Mail","article_modified_time":"2025-07-14T06:35:11+00:00","twitter_card":"summary_large_image","twitter_misc":{"Gesch\u00e4tzte Lesezeit":"9\u00a0Minuten"},"schema":{"@context":"https:\/\/schema.org","@graph":[{"@type":"WebPage","@id":"https:\/\/www.kepmail.ch\/de\/kontakt\/","url":"https:\/\/www.kepmail.ch\/de\/kontakt\/","name":"Kontakt - Verband KEP+Mail","isPartOf":{"@id":"https:\/\/www.kepmail.ch\/de\/#website"},"datePublished":"2019-11-04T12:37:08+00:00","dateModified":"2025-07-14T06:35:11+00:00","breadcrumb":{"@id":"https:\/\/www.kepmail.ch\/de\/kontakt\/#breadcrumb"},"inLanguage":"de","potentialAction":[{"@type":"ReadAction","target":["https:\/\/www.kepmail.ch\/de\/kontakt\/"]}]},{"@type":"BreadcrumbList","@id":"https:\/\/www.kepmail.ch\/de\/kontakt\/#breadcrumb","itemListElement":[{"@type":"ListItem","position":1,"name":"Startseite","item":"https:\/\/www.kepmail.ch\/de\/"},{"@type":"ListItem","position":2,"name":"Kontakt"}]},{"@type":"WebSite","@id":"https:\/\/www.kepmail.ch\/de\/#website","url":"https:\/\/www.kepmail.ch\/de\/","name":"Verband KEP+Mail","description":"Kurier, Express, Paket &amp; Mail","potentialAction":[{"@type":"SearchAction","target":{"@type":"EntryPoint","urlTemplate":"https:\/\/www.kepmail.ch\/de\/?s={search_term_string}"},"query-input":{"@type":"PropertyValueSpecification","valueRequired":true,"valueName":"search_term_string"}}],"inLanguage":"de"}]}},"_links":{"self":[{"href":"https:\/\/www.kepmail.ch\/de\/wp-json\/wp\/v2\/pages\/25","targetHints":{"allow":["GET"]}}],"collection":[{"href":"https:\/\/www.kepmail.ch\/de\/wp-json\/wp\/v2\/pages"}],"about":[{"href":"https:\/\/www.kepmail.ch\/de\/wp-json\/wp\/v2\/types\/page"}],"author":[{"embeddable":true,"href":"https:\/\/www.kepmail.ch\/de\/wp-json\/wp\/v2\/users\/1"}],"replies":[{"embeddable":true,"href":"https:\/\/www.kepmail.ch\/de\/wp-json\/wp\/v2\/comments?post=25"}],"version-history":[{"count":18,"href":"https:\/\/www.kepmail.ch\/de\/wp-json\/wp\/v2\/pages\/25\/revisions"}],"predecessor-version":[{"id":2391,"href":"https:\/\/www.kepmail.ch\/de\/wp-json\/wp\/v2\/pages\/25\/revisions\/2391"}],"wp:attachment":[{"href":"https:\/\/www.kepmail.ch\/de\/wp-json\/wp\/v2\/media?parent=25"}],"curies":[{"name":"wp","href":"https:\/\/api.w.org\/{rel}","templated":true}]}}